{"id":20,"date":"2019-04-12T13:20:47","date_gmt":"2019-04-12T13:20:47","guid":{"rendered":"http:\/\/orsmmadeira.uma.pt\/?page_id=20"},"modified":"2022-10-12T15:54:32","modified_gmt":"2022-10-12T15:54:32","slug":"ligacoes-uteis","status":"publish","type":"page","link":"https:\/\/orsmmadeira.uma.pt\/index.php\/ligacoes-uteis\/","title":{"rendered":"Liga\u00e7\u00f5es \u00fateis"},"content":{"rendered":"\n<ul><li>Plano de A\u00e7\u00e3o 2013-2030 (<strong>Comprehensive mental health action plan 2013-2030): <\/strong><a href=\"https:\/\/www.who.int\/initiatives\/mental-health-action-plan-2013-2030\">https:\/\/www.who.int\/initiatives\/mental-health-action-plan-2013-2030<\/a><\/li><\/ul>\n\n\n\n<p><\/p>\n\n\n\n<ul><li><strong>Guia para sa\u00fade mental no trabalho (Guidelines on mental health at work<\/strong>): <a href=\"https:\/\/www.who.int\/publications\/i\/item\/9789240053052\">https:\/\/www.who.int\/publications\/i\/item\/9789240053052<\/a><\/li><\/ul>\n\n\n\n<p><\/p>\n\n\n\n<ul><li><strong>Observat\u00f3rio Portugu\u00eas dos Sistemas de Sa\u00fade: Sa\u00fade, um direito humano &#8211; Relat\u00f3rio Primavera 2022:<\/strong> <a href=\"https:\/\/www.opssaude.pt\/wp-content\/uploads\/2022\/06\/RELATORIOPRIMAVERA-2022.pdf\">https:\/\/www.opssaude.pt\/wp-content\/uploads\/2022\/06\/RELATORIOPRIMAVERA-2022.pdf<\/a><\/li><\/ul>\n\n\n\n<p><\/p>\n\n\n\n<ul><li><strong>WHO Mental health and psychosocial support in COVID-19:<\/strong><a href=\"http:\/\/www.emro.who.int\/mhps\/frontline_worker.html\">http:\/\/www.emro.who.int\/mhps\/frontline_worker.html<\/a><\/li><\/ul>\n\n\n\n<p><\/p>\n\n\n\n<ul><li><strong>Observat\u00f3rio Portugu\u00eas dos sistemas de Sa\u00fade: Sa\u00fade, um direito humano &#8211; Relat\u00f3rio Primavera 2019: <\/strong><a href=\"http:\/\/ http:\/\/opss.pt\/wp-content\/uploads\/2019\/07\/RP2019.pdf\">http:\/\/opss.pt\/wp-content\/uploads\/2019\/07\/RP2019.pdf<\/a><\/li><\/ul>\n\n\n\n<p><\/p>\n\n\n\n<ul><li><strong>Programa Nacional para a Sa\u00fade Mental: <\/strong><a href=\"https:\/\/www.sns.gov.pt\/institucional\/programas-de-saude-prioritarios\/programa-nacional-para-a-saude-mental\/\">https:\/\/www.sns.gov.pt\/institucional\/programas-de-saude-prioritarios\/programa-nacional-para-a-saude-mental\/<\/a><\/li><\/ul>\n\n\n\n<p><\/p>\n\n\n\n<ul><li><strong>WHO comprehensive mental health action plan 2013\u20132020 for Europe: <\/strong><a href=\"http:\/\/www.euro.who.int\/en\/health-topics\/noncommunicable-diseases\/mental-health\/publications\/2015\/european-mental-health-action-plan-20132020-the\">http:\/\/www.euro.who.int\/en\/health-topics\/noncommunicable-diseases\/mental-health\/publications\/2015\/european-mental-health-action-plan-20132020-the<\/a><\/li><\/ul>\n\n\n\n<p><\/p>\n\n\n\n<ul><li><strong>WHO comprehensive mental health action plan 2013\u20132020: <\/strong><a href=\"https:\/\/www.who.int\/mental_health\/action_plan_2013\/en\/\">https:\/\/www.who.int\/mental_health\/action_plan_2013\/en\/<\/a><\/li><\/ul>\n\n\n\n<p><\/p>\n\n\n\n<ul><li><strong>Direito \u00e9 Qualidade &#8211; Roteiro de Implanta\u00e7\u00e3o (OMS): <\/strong><a href=\"https:\/\/www.who.int\/mental_health\/publications\/QualityRights_toolkit_por\/en\/\">https:\/\/www.who.int\/mental_health\/publications\/QualityRights_toolkit_por\/en\/<\/a><\/li><\/ul>\n\n\n\n<p><\/p>\n\n\n\n<ul><li><strong>Mental health, human rights and standards of care 2018 (WHO): <\/strong><a href=\"http:\/\/www.euro.who.int\/en\/health-topics\/noncommunicable-diseases\/mental-health\/publications\/2018\/mental-health,-human-rights-and-standards-of-care-2018\">http:\/\/www.euro.who.int\/en\/health-topics\/noncommunicable-diseases\/mental-health\/publications\/2018\/mental-health,-human-rights-and-standards-of-care-2018<\/a><\/li><\/ul>\n\n\n\n<p><\/p>\n\n\n\n<ul><li><strong>Age Platform Europe :<\/strong><a href=\"https:\/\/www.age-platform.eu\/policy-work\/news\/mental-health-older-adults-also-need-support\">https:\/\/www.age-platform.eu\/policy-work\/news\/mental-health-older-adults-also-need-support<\/a><\/li><\/ul>\n\n\n\n<p><\/p>\n","protected":false},"excerpt":{"rendered":"<p>Plano de A\u00e7\u00e3o 2013-2030 (Comprehensive mental health action plan 2013-2030): https:\/\/www.who.int\/initiatives\/mental-health-action-plan-2013-2030 Guia para sa\u00fade mental no trabalho (Guidelines on mental health at work): https:\/\/www.who.int\/publications\/i\/item\/9789240053052 Observat\u00f3rio Portugu\u00eas dos Sistemas de Sa\u00fade: Sa\u00fade, um direito humano &#8211; Relat\u00f3rio Primavera 2022: https:\/\/www.opssaude.pt\/wp-content\/uploads\/2022\/06\/RELATORIOPRIMAVERA-2022.pdf WHO Mental health and psychosocial support in COVID-19:http:\/\/www.emro.who.int\/mhps\/frontline_worker.html Observat\u00f3rio Portugu\u00eas dos sistemas de Sa\u00fade: Sa\u00fade, um<\/p><\/div>\n<div class=\"blog-btn\"><a href=\"https:\/\/orsmmadeira.uma.pt\/index.php\/ligacoes-uteis\/\" class=\"home-blog-btn\">Ler mais<\/a><\/p>\n","protected":false},"author":1,"featured_media":0,"parent":0,"menu_order":0,"comment_status":"closed","ping_status":"closed","template":"","meta":{"_monsterinsights_skip_tracking":false,"_monsterinsights_sitenote_active":false,"_monsterinsights_sitenote_note":"","_monsterinsights_sitenote_category":0},"_links":{"self":[{"href":"https:\/\/orsmmadeira.uma.pt\/index.php\/wp-json\/wp\/v2\/pages\/20"}],"collection":[{"href":"https:\/\/orsmmadeira.uma.pt\/index.php\/wp-json\/wp\/v2\/pages"}],"about":[{"href":"https:\/\/orsmmadeira.uma.pt\/index.php\/wp-json\/wp\/v2\/types\/page"}],"author":[{"embeddable":true,"href":"https:\/\/orsmmadeira.uma.pt\/index.php\/wp-json\/wp\/v2\/users\/1"}],"replies":[{"embeddable":true,"href":"https:\/\/orsmmadeira.uma.pt\/index.php\/wp-json\/wp\/v2\/comments?post=20"}],"version-history":[{"count":26,"href":"https:\/\/orsmmadeira.uma.pt\/index.php\/wp-json\/wp\/v2\/pages\/20\/revisions"}],"predecessor-version":[{"id":718,"href":"https:\/\/orsmmadeira.uma.pt\/index.php\/wp-json\/wp\/v2\/pages\/20\/revisions\/718"}],"wp:attachment":[{"href":"https:\/\/orsmmadeira.uma.pt\/index.php\/wp-json\/wp\/v2\/media?parent=20"}],"curies":[{"name":"wp","href":"https:\/\/api.w.org\/{rel}","templated":true}]}}