{"id":18,"date":"2019-04-12T13:19:55","date_gmt":"2019-04-12T13:19:55","guid":{"rendered":"http:\/\/orsmmadeira.uma.pt\/?page_id=18"},"modified":"2022-10-06T10:04:38","modified_gmt":"2022-10-06T10:04:38","slug":"atividades-e-projectos","status":"publish","type":"page","link":"https:\/\/orsmmadeira.uma.pt\/index.php\/atividades-e-projectos\/","title":{"rendered":"Atividades e Projetos"},"content":{"rendered":"\n<h2>Ciclo de Mesas-Redondas &#8220;Sa\u00fade Mental Num Mundo Desigual&#8221;<\/h2>\n\n\n\n<p>O Dia Mundial da Sa\u00fade Mental assinala-se a 10 de outubro, este ano sob o lema &#8220;Mental Health in an Inequal World &#8211; Sa\u00fade Mental Num Mundo Desigual&#8221;.<\/p>\n\n\n\n<figure class=\"wp-block-image size-large\"><img decoding=\"async\" loading=\"lazy\" width=\"703\" height=\"1024\" src=\"https:\/\/orsmmadeira.uma.pt\/wp-content\/uploads\/2021\/10\/Screenshot-2021-10-08-at-12.23.54-703x1024.png\" alt=\"\" class=\"wp-image-568\" srcset=\"https:\/\/orsmmadeira.uma.pt\/wp-content\/uploads\/2021\/10\/Screenshot-2021-10-08-at-12.23.54-703x1024.png 703w, https:\/\/orsmmadeira.uma.pt\/wp-content\/uploads\/2021\/10\/Screenshot-2021-10-08-at-12.23.54-206x300.png 206w, https:\/\/orsmmadeira.uma.pt\/wp-content\/uploads\/2021\/10\/Screenshot-2021-10-08-at-12.23.54-768x1118.png 768w, https:\/\/orsmmadeira.uma.pt\/wp-content\/uploads\/2021\/10\/Screenshot-2021-10-08-at-12.23.54.png 917w\" sizes=\"(max-width: 703px) 100vw, 703px\" \/><\/figure>\n\n\n\n<p>O grupo coordenador do Observat\u00f3rio Regional de Sa\u00fade Mental da Regi\u00e3o Aut\u00f3noma da Madeira (ORSMM) associa-se mais uma vez a esta efem\u00e9ride dinamizando, entre 11 e 15 de outubro, das 14h30 \u00e0s 16h30, um ciclo de cinco mesas-redondas subordinado ao tema proposto pela Organiza\u00e7\u00e3o Mundial da Sa\u00fade e pela World Federation For Mental Health 2021.<\/p>\n\n\n\n<p>As cinco mesas-redondas ir\u00e3o incidir sobre diferentes assuntos de interesse, relativos \u00e0 Sa\u00fade Mental. Que apreens\u00f5es e constata\u00e7\u00f5es emergem no presente, relacionadas com a sa\u00fade mental das popula\u00e7\u00f5es? Como ponto de partida para a reflex\u00e3o conjunta ser\u00e3o partilhados diferentes olhares sobre m\u00faltiplas realidades que nos cercam, contribuindo n\u00e3o s\u00f3 para identificar necessidades em mat\u00e9ria de sa\u00fade mental, mas tamb\u00e9m para sensibilizar os participantes para a import\u00e2ncia de agirem proactiva e preventivamente, para melhorarem o conhecimento, identificarem estrat\u00e9gias de ajuda e para a procurarem precocemente.<\/p>\n\n\n\n<p>O ciclo de mesas-redondas vai decorrer em formato h\u00edbrido, havendo uma componente presencial, que ter\u00e1 lugar na Sala do Senado, no piso -2 do Campus da Penteada, e uma componente online, que poder\u00e1 ser acompanhada atrav\u00e9s de plataforma Zoom. A participa\u00e7\u00e3o \u00e9 gratuita, mas requer inscri\u00e7\u00e3o pr\u00e9via atrav\u00e9s de formul\u00e1rio dispon\u00edvel em <a href=\"https:\/\/tinyurl.com\/4pr4vjr6\">https:\/\/tinyurl.com\/4pr4vjr6<\/a>. As inscri\u00e7\u00f5es presenciais est\u00e3o condicionadas \u00e0 capacidade das salas.<\/p>\n\n\n\n<p>O ORSMM foi criado em janeiro de 2019, atrav\u00e9s de uma parceria entre a Universidade da Madeira e o Servi\u00e7o Regional de Sa\u00fade, com o objetivo de contribuir para o estudo continuado da evolu\u00e7\u00e3o ocorrida em mat\u00e9ria de sa\u00fade mental a n\u00edvel regional, visando a melhor adequa\u00e7\u00e3o das pol\u00edticas, estrat\u00e9gias e linhas de atua\u00e7\u00e3o definidas para a \u00e1rea.<\/p>\n\n\n\n<p>O programa est\u00e1 dispon\u00edvel <a href=\"https:\/\/testuma.sharepoint.com\/sites\/unidades\/irp\/docs1\/Forms\/AllItems.aspx?id=%2Fsites%2Funidades%2Firp%2Fdocs1%2FDownloads%2FPoster%20Mesas%20redondas%20sa\u00fade%20mental%2025%20set%2Epdf&amp;parent=%2Fsites%2Funidades%2Firp%2Fdocs1%2FDownloads&amp;p=true&amp;originalPath=aHR0cHM6Ly90ZXN0dW1hLnNoYXJlcG9pbnQuY29tLzpiOi9zL3VuaWRhZGVzL2lycC9FY1ZBeHd4dUg5MUttTkhtTEFYZl9ZRUJMaHFEZUZPQVluRS1WdjlvQUNCQ0V3P3J0aW1lPXl0Z09jazJLMlVn\">aqui<\/a>.<\/p>\n\n\n\n<p><\/p>\n\n\n\n<h2><strong>Madeira University (Portugal) and WHO in The First World Patient Safety Day 2019<\/strong><\/h2>\n\n\n\n<p>A Organiza\u00e7\u00e3o Mundial de Sa\u00fade (OMS) definiu na 72\u00aa Assembleia Anual, em Maio 2019, o dia 17 de setembro de 2019 para as&nbsp;<a href=\"https:\/\/www.who.int\/campaigns\/world-patient-safety-day\/2019\">comemora\u00e7\u00f5es do Primeiro Dia Mundial para a Seguran\u00e7a do Doente<\/a>.<\/p>\n\n\n\n<p>S\u00e3o v\u00e1rias as iniciativas que est\u00e3o a ser organizadas em diferentes pa\u00edses do mundo, umas mais centradas nas organiza\u00e7\u00f5es que prestam cuidados de sa\u00fade, outras que visam envolver e informar mais o cidad\u00e3o\/popula\u00e7\u00e3o.&nbsp;<\/p>\n\n\n\n<p>A Universidade da Madeira (UMA) em Portugal, em prol da t\u00e3o desejada e eticamente exigida Seguran\u00e7a dos Doentes, associa-se a esta iniciativa, divulgando este dia junto da sua comunidade acad\u00e9mica (alunos, professores e investigadores) e reconhecendo a Seguran\u00e7a dos Doentes como uma prioridade.<\/p>\n\n\n\n<p>Aos interessados em obter mais informa\u00e7\u00e3o sobre esta importante tem\u00e1tica convidamos a visitar os seguintes links:<\/p>\n\n\n\n<p>\u2022  WHO Press Release on World Patient Safety Day issued today at the UN press briefing:<br> <a href=\"https:\/\/www.who.int\/news-room\/detail\/13-09-2019-who-calls-for-urgent-action-to-reduce-patient-harm-in-healthcare\">https:\/\/www.who.int\/news-room\/detail\/13-09-2019-who-calls-for-urgent-action-to-reduce-patient-harm-in-healthcare<\/a><\/p>\n\n\n\n<p>\u2022  &#8216;Patient Safety Fact Sheet&#8217; and &#8217;10 facts on patient safety&#8217;:<br> <a href=\"https:\/\/www.who.int\/news-room\/fact-sheets\/detail\/patient-safety\">https:\/\/www.who.int\/news-room\/fact-sheets\/detail\/patient-safety<\/a><br><a href=\"http:\/\/ https:\/\/www.who.int\/features\/factfiles\/patient_safety\/en\/\">http:\/\/ https:\/\/www.who.int\/features\/factfiles\/patient_safety\/en\/<\/a><br><\/p>\n\n\n\n<p>\u2022  The commentary published in Journal of Patient Safety and Risk Management in honor of the first World Patient Safety Day, entitled: &#8220;What will you do on 17 September 2019, the first World Patient Safety Day?&#8221; Authored by Albert Wu (from Johns Hopkins Bloomberg School of Public Health) and Dr. Neelam Dhingra-Kumar on behalf of the WHO Global Patient Safety Network:<br><a href=\"http:\/\/ https:\/\/journals.sagepub.com\/doi\/full\/10.1177\/2516043519867525\">http:\/\/ https:\/\/journals.sagepub.com\/doi\/full\/10.1177\/2516043519867525<\/a><br><\/p>\n\n\n\n<p><\/p>\n\n\n\n<figure class=\"wp-block-image\"><img decoding=\"async\" loading=\"lazy\" width=\"1024\" height=\"423\" src=\"https:\/\/orsmmadeira.uma.pt\/wp-content\/uploads\/2019\/09\/WHO-Patient-Safety-Day-Logo-1024x423.png\" alt=\"\" class=\"wp-image-486\" srcset=\"https:\/\/orsmmadeira.uma.pt\/wp-content\/uploads\/2019\/09\/WHO-Patient-Safety-Day-Logo.png 1024w, https:\/\/orsmmadeira.uma.pt\/wp-content\/uploads\/2019\/09\/WHO-Patient-Safety-Day-Logo-300x124.png 300w, https:\/\/orsmmadeira.uma.pt\/wp-content\/uploads\/2019\/09\/WHO-Patient-Safety-Day-Logo-768x317.png 768w\" sizes=\"(max-width: 1024px) 100vw, 1024px\" \/><\/figure>\n\n\n\n<ul><li><\/li><\/ul>\n\n\n\n<p><\/p>\n\n\n\n<h2 id=\"desmistificando\"><strong>Atividade: Desmistificando a Sa\u00fade Mental<\/strong><\/h2>\n\n\n\n<p><\/p>\n\n\n\n<p>A atividade esteve inserida na Semana Europeia de Sa\u00fade P\u00fablica, no dia 17 de maio reservada \u00e0 tem\u00e1tica da Sa\u00fade Mental Juvenil.<\/p>\n\n\n\n<p>A atividade foi realizada pelos estudantes do primeiro ano do Curso Superior de Enfermagem, sob orienta\u00e7\u00e3o de alguns dos seus professores, na pesquisa cient\u00edfica e elabora\u00e7\u00e3o de materiais did\u00e1ticos e de divulga\u00e7\u00e3o.<\/p>\n\n\n\n<p>Atrav\u00e9s de uma abordagem de pares pretendeu-se sensibilizar a comunidade acad\u00e9mica (estudantes, pessoal docente e n\u00e3o docente) sobre a problem\u00e1tica da sa\u00fade mental atrav\u00e9s da desmistifica\u00e7\u00e3o de alguns mitos associados \u00e0 mesma. A abordagem \u00e0 popula\u00e7\u00e3o alvo foi efetuada de forma individual ou em pequenos grupos entre as 10h e as 12h 30m no hall de entrada da Universidade da Madeira sita \u00e0 Penteada.<\/p>\n\n\n\n<p>A satisfa\u00e7\u00e3o manifesta do grupo de estudantes dinamizador e a ades\u00e3o do p\u00fablico alvo leva-nos a crer que foi uma estrat\u00e9gia bem sucedida e que dever\u00e1 ser novamente implementada.<\/p>\n\n\n\n<p><\/p>\n\n\n<div class=\"wp-block-image\">\n<figure class=\"aligncenter\"><img decoding=\"async\" loading=\"lazy\" width=\"937\" height=\"299\" src=\"https:\/\/orsmmadeira.uma.pt\/wp-content\/uploads\/2019\/06\/2.png\" alt=\"\" class=\"wp-image-360\" srcset=\"https:\/\/orsmmadeira.uma.pt\/wp-content\/uploads\/2019\/06\/2.png 937w, https:\/\/orsmmadeira.uma.pt\/wp-content\/uploads\/2019\/06\/2-300x96.png 300w, https:\/\/orsmmadeira.uma.pt\/wp-content\/uploads\/2019\/06\/2-768x245.png 768w\" sizes=\"(max-width: 937px) 100vw, 937px\" \/><\/figure><\/div>\n\n\n<figure class=\"is-layout-flex wp-block-gallery-1 wp-block-gallery has-nested-images columns-default is-cropped\">\n<figure class=\"wp-block-image size-large\"><img decoding=\"async\" loading=\"lazy\" width=\"887\" height=\"590\" data-id=\"361\"  src=\"https:\/\/orsmmadeira.uma.pt\/wp-content\/uploads\/2019\/06\/3.png\" alt=\"\" class=\"wp-image-361\" srcset=\"https:\/\/orsmmadeira.uma.pt\/wp-content\/uploads\/2019\/06\/3.png 887w, https:\/\/orsmmadeira.uma.pt\/wp-content\/uploads\/2019\/06\/3-300x200.png 300w, https:\/\/orsmmadeira.uma.pt\/wp-content\/uploads\/2019\/06\/3-768x511.png 768w\" sizes=\"(max-width: 887px) 100vw, 887px\" \/><\/figure>\n\n\n\n<figure class=\"wp-block-image size-large\"><img decoding=\"async\" loading=\"lazy\" width=\"887\" height=\"590\" data-id=\"367\"  src=\"https:\/\/orsmmadeira.uma.pt\/wp-content\/uploads\/2019\/06\/4-1.png\" alt=\"\" class=\"wp-image-367\" srcset=\"https:\/\/orsmmadeira.uma.pt\/wp-content\/uploads\/2019\/06\/4-1.png 887w, https:\/\/orsmmadeira.uma.pt\/wp-content\/uploads\/2019\/06\/4-1-300x200.png 300w, https:\/\/orsmmadeira.uma.pt\/wp-content\/uploads\/2019\/06\/4-1-768x511.png 768w\" sizes=\"(max-width: 887px) 100vw, 887px\" \/><\/figure>\n\n\n\n<figure class=\"wp-block-image size-large\"><img decoding=\"async\" loading=\"lazy\" width=\"887\" height=\"590\" data-id=\"368\"  src=\"https:\/\/orsmmadeira.uma.pt\/wp-content\/uploads\/2019\/06\/5-1.png\" alt=\"\" class=\"wp-image-368\" srcset=\"https:\/\/orsmmadeira.uma.pt\/wp-content\/uploads\/2019\/06\/5-1.png 887w, https:\/\/orsmmadeira.uma.pt\/wp-content\/uploads\/2019\/06\/5-1-300x200.png 300w, https:\/\/orsmmadeira.uma.pt\/wp-content\/uploads\/2019\/06\/5-1-768x511.png 768w\" sizes=\"(max-width: 887px) 100vw, 887px\" \/><\/figure>\n\n\n\n<figure class=\"wp-block-image size-large\"><img decoding=\"async\" loading=\"lazy\" width=\"887\" height=\"590\" data-id=\"369\"  src=\"https:\/\/orsmmadeira.uma.pt\/wp-content\/uploads\/2019\/06\/6-1.png\" alt=\"\" class=\"wp-image-369\" srcset=\"https:\/\/orsmmadeira.uma.pt\/wp-content\/uploads\/2019\/06\/6-1.png 887w, https:\/\/orsmmadeira.uma.pt\/wp-content\/uploads\/2019\/06\/6-1-300x200.png 300w, https:\/\/orsmmadeira.uma.pt\/wp-content\/uploads\/2019\/06\/6-1-768x511.png 768w\" sizes=\"(max-width: 887px) 100vw, 887px\" \/><\/figure>\n\n\n\n<figure class=\"wp-block-image size-large\"><img decoding=\"async\" loading=\"lazy\" width=\"887\" height=\"590\" data-id=\"370\"  src=\"https:\/\/orsmmadeira.uma.pt\/wp-content\/uploads\/2019\/06\/Untitled-1.png\" alt=\"\" class=\"wp-image-370\" srcset=\"https:\/\/orsmmadeira.uma.pt\/wp-content\/uploads\/2019\/06\/Untitled-1.png 887w, https:\/\/orsmmadeira.uma.pt\/wp-content\/uploads\/2019\/06\/Untitled-1-300x200.png 300w, https:\/\/orsmmadeira.uma.pt\/wp-content\/uploads\/2019\/06\/Untitled-1-768x511.png 768w\" sizes=\"(max-width: 887px) 100vw, 887px\" \/><\/figure>\n<\/figure>\n\n\n<div class=\"wp-block-image\">\n<figure class=\"aligncenter is-resized\"><img decoding=\"async\" loading=\"lazy\" src=\"https:\/\/orsmmadeira.uma.pt\/wp-content\/uploads\/2019\/07\/Untitled-1.png\" alt=\"\" class=\"wp-image-416\" width=\"489\" height=\"325\" srcset=\"https:\/\/orsmmadeira.uma.pt\/wp-content\/uploads\/2019\/07\/Untitled-1.png 1011w, https:\/\/orsmmadeira.uma.pt\/wp-content\/uploads\/2019\/07\/Untitled-1-300x200.png 300w, https:\/\/orsmmadeira.uma.pt\/wp-content\/uploads\/2019\/07\/Untitled-1-768x511.png 768w\" sizes=\"(max-width: 489px) 100vw, 489px\" \/><\/figure><\/div>\n\n\n<p><\/p>\n\n\n\n<p><br><\/p>\n\n\n\n<p><\/p>\n\n\n\n<h2><strong>Campanha no \u00e2mbito da Semana Europeia da Sa\u00fade P\u00fablica<\/strong><\/h2>\n\n\n\n<h4>17 de Maio 2019: Sa\u00fade Mental nos jovens<\/h4>\n\n\n\n<p><\/p>\n\n\n\n<figure class=\"wp-block-embed aligncenter is-type-video is-provider-youtube wp-block-embed-youtube wp-embed-aspect-16-9 wp-has-aspect-ratio\"><div class=\"wp-block-embed__wrapper\">\n<iframe loading=\"lazy\" title=\"WHO: Let\u2019s talk about depression \u2013 focus on adolescents and young adults\" width=\"696\" height=\"392\" src=\"https:\/\/www.youtube.com\/embed\/Yv_dvG_2VLI?feature=oembed\" frameborder=\"0\" allow=\"accelerometer; autoplay; clipboard-write; encrypted-media; gyroscope; picture-in-picture\" allowfullscreen><\/iframe>\n<\/div><figcaption>1. A depress\u00e3o nos adolescentes.<\/figcaption><\/figure>\n\n\n\n<p><\/p>\n\n\n<div class=\"wp-block-image\">\n<figure class=\"alignleft is-resized\"><img decoding=\"async\" loading=\"lazy\" src=\"https:\/\/orsmmadeira.uma.pt\/wp-content\/uploads\/2019\/05\/10_myths_about_mental_health_image_Mental_Health_Europe-2.png\" alt=\"\" class=\"wp-image-274\" width=\"457\" height=\"310\" srcset=\"https:\/\/orsmmadeira.uma.pt\/wp-content\/uploads\/2019\/05\/10_myths_about_mental_health_image_Mental_Health_Europe-2.png 850w, https:\/\/orsmmadeira.uma.pt\/wp-content\/uploads\/2019\/05\/10_myths_about_mental_health_image_Mental_Health_Europe-2-300x204.png 300w, https:\/\/orsmmadeira.uma.pt\/wp-content\/uploads\/2019\/05\/10_myths_about_mental_health_image_Mental_Health_Europe-2-768x522.png 768w\" sizes=\"(max-width: 457px) 100vw, 457px\" \/><figcaption>2. 10 mitos sobre a sa\u00fade mental.<\/figcaption><\/figure><\/div>\n\n\n<p><\/p>\n\n\n<div class=\"wp-block-image\">\n<figure class=\"alignleft is-resized\"><img decoding=\"async\" loading=\"lazy\" src=\"https:\/\/orsmmadeira.uma.pt\/wp-content\/uploads\/2019\/05\/Adolescents_are_the_greates_resource_for_a_society_to_thrive_image_WHO-1024x1024.jpg\" alt=\"\" class=\"wp-image-275\" width=\"457\" height=\"457\" srcset=\"https:\/\/orsmmadeira.uma.pt\/wp-content\/uploads\/2019\/05\/Adolescents_are_the_greates_resource_for_a_society_to_thrive_image_WHO-1024x1024.jpg 1024w, https:\/\/orsmmadeira.uma.pt\/wp-content\/uploads\/2019\/05\/Adolescents_are_the_greates_resource_for_a_society_to_thrive_image_WHO-150x150.jpg 150w, https:\/\/orsmmadeira.uma.pt\/wp-content\/uploads\/2019\/05\/Adolescents_are_the_greates_resource_for_a_society_to_thrive_image_WHO-300x300.jpg 300w, https:\/\/orsmmadeira.uma.pt\/wp-content\/uploads\/2019\/05\/Adolescents_are_the_greates_resource_for_a_society_to_thrive_image_WHO-768x768.jpg 768w, https:\/\/orsmmadeira.uma.pt\/wp-content\/uploads\/2019\/05\/Adolescents_are_the_greates_resource_for_a_society_to_thrive_image_WHO.jpg 1200w\" sizes=\"(max-width: 457px) 100vw, 457px\" \/><figcaption>3. Os adolescentes s\u00e3o o futuro.<\/figcaption><\/figure><\/div>\n\n\n<p><\/p>\n\n\n<div class=\"wp-block-image\">\n<figure class=\"alignleft is-resized\"><img decoding=\"async\" loading=\"lazy\" src=\"https:\/\/orsmmadeira.uma.pt\/wp-content\/uploads\/2019\/05\/Making_adolescent_friendly_services_WHO-1024x1024.jpg\" alt=\"\" class=\"wp-image-276\" width=\"457\" height=\"457\" srcset=\"https:\/\/orsmmadeira.uma.pt\/wp-content\/uploads\/2019\/05\/Making_adolescent_friendly_services_WHO-1024x1024.jpg 1024w, https:\/\/orsmmadeira.uma.pt\/wp-content\/uploads\/2019\/05\/Making_adolescent_friendly_services_WHO-150x150.jpg 150w, https:\/\/orsmmadeira.uma.pt\/wp-content\/uploads\/2019\/05\/Making_adolescent_friendly_services_WHO-300x300.jpg 300w, https:\/\/orsmmadeira.uma.pt\/wp-content\/uploads\/2019\/05\/Making_adolescent_friendly_services_WHO-768x768.jpg 768w, https:\/\/orsmmadeira.uma.pt\/wp-content\/uploads\/2019\/05\/Making_adolescent_friendly_services_WHO.jpg 1200w\" sizes=\"(max-width: 457px) 100vw, 457px\" \/><figcaption>4. Os servi\u00e7os de sa\u00fade devem ser amigos dos adolescentes.<\/figcaption><\/figure><\/div>\n\n\n<p><\/p>\n\n\n<div class=\"wp-block-image\">\n<figure class=\"alignleft is-resized\"><img decoding=\"async\" loading=\"lazy\" src=\"https:\/\/orsmmadeira.uma.pt\/wp-content\/uploads\/2019\/05\/Words_matter_mind_your_language_image_Mental_Health_Europe.png\" alt=\"\" class=\"wp-image-277\" width=\"475\" height=\"281\" srcset=\"https:\/\/orsmmadeira.uma.pt\/wp-content\/uploads\/2019\/05\/Words_matter_mind_your_language_image_Mental_Health_Europe.png 809w, https:\/\/orsmmadeira.uma.pt\/wp-content\/uploads\/2019\/05\/Words_matter_mind_your_language_image_Mental_Health_Europe-300x178.png 300w, https:\/\/orsmmadeira.uma.pt\/wp-content\/uploads\/2019\/05\/Words_matter_mind_your_language_image_Mental_Health_Europe-768x456.png 768w\" sizes=\"(max-width: 475px) 100vw, 475px\" \/><figcaption>5. As palavras s\u00e3o importantes quando se fala em sa\u00fade mental.<\/figcaption><\/figure><\/div>","protected":false},"excerpt":{"rendered":"<p>Ciclo de Mesas-Redondas &#8220;Sa\u00fade Mental Num Mundo Desigual&#8221; O Dia Mundial da Sa\u00fade Mental assinala-se a 10 de outubro, este ano sob o lema &#8220;Mental Health in an Inequal World &#8211; Sa\u00fade Mental Num Mundo Desigual&#8221;. O grupo coordenador do Observat\u00f3rio Regional de Sa\u00fade Mental da Regi\u00e3o Aut\u00f3noma da Madeira (ORSMM) associa-se mais uma vez<\/p><\/div>\n<div class=\"blog-btn\"><a href=\"https:\/\/orsmmadeira.uma.pt\/index.php\/atividades-e-projectos\/\" class=\"home-blog-btn\">Ler mais<\/a><\/p>\n","protected":false},"author":1,"featured_media":0,"parent":0,"menu_order":0,"comment_status":"closed","ping_status":"closed","template":"","meta":{"_monsterinsights_skip_tracking":false,"_monsterinsights_sitenote_active":false,"_monsterinsights_sitenote_note":"","_monsterinsights_sitenote_category":0},"_links":{"self":[{"href":"https:\/\/orsmmadeira.uma.pt\/index.php\/wp-json\/wp\/v2\/pages\/18"}],"collection":[{"href":"https:\/\/orsmmadeira.uma.pt\/index.php\/wp-json\/wp\/v2\/pages"}],"about":[{"href":"https:\/\/orsmmadeira.uma.pt\/index.php\/wp-json\/wp\/v2\/types\/page"}],"author":[{"embeddable":true,"href":"https:\/\/orsmmadeira.uma.pt\/index.php\/wp-json\/wp\/v2\/users\/1"}],"replies":[{"embeddable":true,"href":"https:\/\/orsmmadeira.uma.pt\/index.php\/wp-json\/wp\/v2\/comments?post=18"}],"version-history":[{"count":38,"href":"https:\/\/orsmmadeira.uma.pt\/index.php\/wp-json\/wp\/v2\/pages\/18\/revisions"}],"predecessor-version":[{"id":622,"href":"https:\/\/orsmmadeira.uma.pt\/index.php\/wp-json\/wp\/v2\/pages\/18\/revisions\/622"}],"wp:attachment":[{"href":"https:\/\/orsmmadeira.uma.pt\/index.php\/wp-json\/wp\/v2\/media?parent=18"}],"curies":[{"name":"wp","href":"https:\/\/api.w.org\/{rel}","templated":true}]}}